{"id":3131,"date":"2024-06-07T11:38:01","date_gmt":"2024-06-07T09:38:01","guid":{"rendered":"http:\/\/pinkcube-testyourbreast.ch\/?page_id=3131"},"modified":"2025-05-29T07:45:37","modified_gmt":"2025-05-29T05:45:37","slug":"protezione-dei-dati","status":"publish","type":"page","link":"https:\/\/pinkcube-testyourbreast.ch\/it\/datenschutz\/","title":{"rendered":"Protezione dei dati"},"content":{"rendered":"<div data-elementor-type=\"wp-page\" data-elementor-id=\"3131\" class=\"elementor elementor-3131\" data-elementor-settings=\"{&quot;element_pack_global_tooltip_width&quot;:{&quot;unit&quot;:&quot;px&quot;,&quot;size&quot;:&quot;&quot;,&quot;sizes&quot;:[]},&quot;element_pack_global_tooltip_width_laptop&quot;:{&quot;unit&quot;:&quot;px&quot;,&quot;size&quot;:&quot;&quot;,&quot;sizes&quot;:[]},&quot;element_pack_global_tooltip_width_tablet&quot;:{&quot;unit&quot;:&quot;px&quot;,&quot;size&quot;:&quot;&quot;,&quot;sizes&quot;:[]},&quot;element_pack_global_tooltip_width_mobile&quot;:{&quot;unit&quot;:&quot;px&quot;,&quot;size&quot;:&quot;&quot;,&quot;sizes&quot;:[]},&quot;element_pack_global_tooltip_padding&quot;:{&quot;unit&quot;:&quot;px&quot;,&quot;top&quot;:&quot;&quot;,&quot;right&quot;:&quot;&quot;,&quot;bottom&quot;:&quot;&quot;,&quot;left&quot;:&quot;&quot;,&quot;isLinked&quot;:true},&quot;element_pack_global_tooltip_padding_laptop&quot;:{&quot;unit&quot;:&quot;px&quot;,&quot;top&quot;:&quot;&quot;,&quot;right&quot;:&quot;&quot;,&quot;bottom&quot;:&quot;&quot;,&quot;left&quot;:&quot;&quot;,&quot;isLinked&quot;:true},&quot;element_pack_global_tooltip_padding_tablet&quot;:{&quot;unit&quot;:&quot;px&quot;,&quot;top&quot;:&quot;&quot;,&quot;right&quot;:&quot;&quot;,&quot;bottom&quot;:&quot;&quot;,&quot;left&quot;:&quot;&quot;,&quot;isLinked&quot;:true},&quot;element_pack_global_tooltip_padding_mobile&quot;:{&quot;unit&quot;:&quot;px&quot;,&quot;top&quot;:&quot;&quot;,&quot;right&quot;:&quot;&quot;,&quot;bottom&quot;:&quot;&quot;,&quot;left&quot;:&quot;&quot;,&quot;isLinked&quot;:true},&quot;element_pack_global_tooltip_border_radius&quot;:{&quot;unit&quot;:&quot;px&quot;,&quot;top&quot;:&quot;&quot;,&quot;right&quot;:&quot;&quot;,&quot;bottom&quot;:&quot;&quot;,&quot;left&quot;:&quot;&quot;,&quot;isLinked&quot;:true},&quot;element_pack_global_tooltip_border_radius_laptop&quot;:{&quot;unit&quot;:&quot;px&quot;,&quot;top&quot;:&quot;&quot;,&quot;right&quot;:&quot;&quot;,&quot;bottom&quot;:&quot;&quot;,&quot;left&quot;:&quot;&quot;,&quot;isLinked&quot;:true},&quot;element_pack_global_tooltip_border_radius_tablet&quot;:{&quot;unit&quot;:&quot;px&quot;,&quot;top&quot;:&quot;&quot;,&quot;right&quot;:&quot;&quot;,&quot;bottom&quot;:&quot;&quot;,&quot;left&quot;:&quot;&quot;,&quot;isLinked&quot;:true},&quot;element_pack_global_tooltip_border_radius_mobile&quot;:{&quot;unit&quot;:&quot;px&quot;,&quot;top&quot;:&quot;&quot;,&quot;right&quot;:&quot;&quot;,&quot;bottom&quot;:&quot;&quot;,&quot;left&quot;:&quot;&quot;,&quot;isLinked&quot;:true}}\" data-elementor-post-type=\"page\">\n\t\t\t\t<div class=\"elementor-element elementor-element-402aaef e-flex e-con-boxed e-con e-parent\" data-id=\"402aaef\" data-element_type=\"container\" data-e-type=\"container\">\n\t\t\t\t\t<div class=\"e-con-inner\">\n\t\t<div class=\"elementor-element elementor-element-2b4958c e-con-full e-flex e-con e-child\" data-id=\"2b4958c\" data-element_type=\"container\" data-e-type=\"container\">\n\t\t\t\t<div class=\"elementor-element elementor-element-a5282fd elementor-widget elementor-widget-heading\" data-id=\"a5282fd\" data-element_type=\"widget\" data-e-type=\"widget\" data-widget_type=\"heading.default\">\n\t\t\t\t<div class=\"elementor-widget-container\">\n\t\t\t\t\t<h2 class=\"elementor-heading-title elementor-size-default\">Protezione dei dati<\/h2>\t\t\t\t<\/div>\n\t\t\t\t<\/div>\n\t\t<div class=\"elementor-element elementor-element-54608c1 e-con-full e-flex e-con e-child\" data-id=\"54608c1\" data-element_type=\"container\" data-e-type=\"container\">\n\t\t\t\t<div class=\"elementor-element elementor-element-270b12b elementor-widget elementor-widget-heading\" data-id=\"270b12b\" data-element_type=\"widget\" data-e-type=\"widget\" data-widget_type=\"heading.default\">\n\t\t\t\t<div class=\"elementor-widget-container\">\n\t\t\t\t\t<h2 class=\"elementor-heading-title elementor-size-default\">I. Significato e contenuto dell'informativa sulla privacy, basi giuridiche applicabili<\/h2>\t\t\t\t<\/div>\n\t\t\t\t<\/div>\n\t\t\t\t<div class=\"elementor-element elementor-element-904d7e3 elementor-widget elementor-widget-text-editor\" data-id=\"904d7e3\" data-element_type=\"widget\" data-e-type=\"widget\" data-widget_type=\"text-editor.default\">\n\t\t\t\t<div class=\"elementor-widget-container\">\n\t\t\t\t\t\t\t\t\t<p>La presente dichiarazione sulla protezione dei dati ha lo scopo di dare all'utente (d'ora in poi verr\u00e0 utilizzata solo la forma femminile per una migliore leggibilit\u00e0) la possibilit\u00e0 di sapere quali dati raccogliamo, a quale scopo, dove vengono memorizzati e cosa pu\u00f2 fare dei dati che non desidera metterci a disposizione o che non desidera pi\u00f9 metterci a disposizione.<br><span style=\"text-align: var(--text-align);\"><br>I contenuti del sito web si rivolgono principalmente a persone residenti in Svizzera. Per le persone residenti nell'UE si applica il Regolamento generale europeo sulla protezione dei dati (RGPD). Per le persone residenti in Svizzera si applica sostanzialmente la legge svizzera (Legge federale sulla protezione dei dati, LPD).<\/span><\/p>\t\t\t\t\t\t\t\t<\/div>\n\t\t\t\t<\/div>\n\t\t\t\t<\/div>\n\t\t<div class=\"elementor-element elementor-element-506ee90 e-con-full e-flex e-con e-child\" data-id=\"506ee90\" data-element_type=\"container\" data-e-type=\"container\">\n\t\t\t\t<div class=\"elementor-element elementor-element-c39e71c elementor-widget elementor-widget-heading\" data-id=\"c39e71c\" data-element_type=\"widget\" data-e-type=\"widget\" data-widget_type=\"heading.default\">\n\t\t\t\t<div class=\"elementor-widget-container\">\n\t\t\t\t\t<h2 class=\"elementor-heading-title elementor-size-default\">II. Nome e indirizzo del responsabile<\/h2>\t\t\t\t<\/div>\n\t\t\t\t<\/div>\n\t\t\t\t<div class=\"elementor-element elementor-element-5c845d9 elementor-widget elementor-widget-text-editor\" data-id=\"5c845d9\" data-element_type=\"widget\" data-e-type=\"widget\" data-widget_type=\"text-editor.default\">\n\t\t\t\t<div class=\"elementor-widget-container\">\n\t\t\t\t\t\t\t\t\t<p>Questo sito web \u00e8 sotto <a>https:\/\/testyourbreast.ch<\/a> messo a disposizione. Responsabile del contenuto e dell'organo responsabile ai sensi delle leggi sulla protezione dei dati, ove applicabile anche del GDPR, \u00e8:<\/p><p>Credo GmbH PR &amp; Comunicazioni<br \/>B\u00e4umlis\u00e4cherstrasse 41<br \/>8907 Wettswil a.A.<\/p><p>E-mail: <a href=\"mailto:contact@credo-pr.ch\">contact@credo-pr.ch<\/a><br \/>Sito web: <a href=\"https:\/\/credo-pr.ch\/\" target=\"_blank\" rel=\"noopener\">credo-pr.ch<\/a><\/p>\t\t\t\t\t\t\t\t<\/div>\n\t\t\t\t<\/div>\n\t\t\t\t<\/div>\n\t\t<div class=\"elementor-element elementor-element-62ba0f4 e-con-full e-flex e-con e-child\" data-id=\"62ba0f4\" data-element_type=\"container\" data-e-type=\"container\">\n\t\t\t\t<div class=\"elementor-element elementor-element-7bb8e9f elementor-widget elementor-widget-heading\" data-id=\"7bb8e9f\" data-element_type=\"widget\" data-e-type=\"widget\" data-widget_type=\"heading.default\">\n\t\t\t\t<div class=\"elementor-widget-container\">\n\t\t\t\t\t<h2 class=\"elementor-heading-title elementor-size-default\">III. Ambito di trattamento dei dati personali<\/h2>\t\t\t\t<\/div>\n\t\t\t\t<\/div>\n\t\t\t\t<div class=\"elementor-element elementor-element-2894fa6 elementor-widget elementor-widget-text-editor\" data-id=\"2894fa6\" data-element_type=\"widget\" data-e-type=\"widget\" data-widget_type=\"text-editor.default\">\n\t\t\t\t<div class=\"elementor-widget-container\">\n\t\t\t\t\t\t\t\t\tTrattiamo i dati personali fondamentalmente solo nella misura in cui ci\u00f2 sia necessario per fornire un sito web funzionante, i suoi contenuti e i suoi servizi.\t\t\t\t\t\t\t\t<\/div>\n\t\t\t\t<\/div>\n\t\t\t\t<\/div>\n\t\t<div class=\"elementor-element elementor-element-7851601 e-con-full e-flex e-con e-child\" data-id=\"7851601\" data-element_type=\"container\" data-e-type=\"container\">\n\t\t\t\t<div class=\"elementor-element elementor-element-66fd59a elementor-widget elementor-widget-heading\" data-id=\"66fd59a\" data-element_type=\"widget\" data-e-type=\"widget\" data-widget_type=\"heading.default\">\n\t\t\t\t<div class=\"elementor-widget-container\">\n\t\t\t\t\t<h2 class=\"elementor-heading-title elementor-size-default\">IV. Basi giuridiche e periodo di conservazione<\/h2>\t\t\t\t<\/div>\n\t\t\t\t<\/div>\n\t\t\t\t<div class=\"elementor-element elementor-element-da45158 elementor-widget elementor-widget-text-editor\" data-id=\"da45158\" data-element_type=\"widget\" data-e-type=\"widget\" data-widget_type=\"text-editor.default\">\n\t\t\t\t<div class=\"elementor-widget-container\">\n\t\t\t\t\t\t\t\t\t<p>Trattiamo dati personali ai sensi della legge svizzera sulla protezione dei dati (in particolare gli art. 12 e seguenti della Legge federale sulla protezione dei dati, LPD). Per il resto, trattiamo \u2013 nella misura in cui il RGPD \u00e8 applicabile \u2013 conformemente all\u2019art. 6 cpv. 1 RGPD lettere da a a d e f<\/p>\n<p><span style=\"text-align: var(--text-align);\">Ci\u00f2 significa in particolare che trattiamo dati personali nella misura in cui l'utente ha dato il proprio consenso esplicito (articolo 6, paragrafo 1, lettera a del GDPR) o per tutelare i nostri legittimi interessi o quelli di terzi, a meno che non prevalgano le libert\u00e0 e i diritti fondamentali e gli interessi dell'utente (articolo 6, paragrafo 1, lettera f del GDPR).<br><br><\/span><\/p><p>La conservazione avviene generalmente solo per la durata necessaria al raggiungimento dello scopo per cui i dati sono stati raccolti. Restano salve eventuali disposizioni diverse imposte da normative giuridiche vincolanti per Credo GmbH.<\/p>\t\t\t\t\t\t\t\t<\/div>\n\t\t\t\t<\/div>\n\t\t\t\t<\/div>\n\t\t<div class=\"elementor-element elementor-element-c180262 e-con-full e-flex e-con e-child\" data-id=\"c180262\" data-element_type=\"container\" data-e-type=\"container\">\n\t\t\t\t<div class=\"elementor-element elementor-element-2b4c6bc elementor-widget elementor-widget-heading\" data-id=\"2b4c6bc\" data-element_type=\"widget\" data-e-type=\"widget\" data-widget_type=\"heading.default\">\n\t\t\t\t<div class=\"elementor-widget-container\">\n\t\t\t\t\t<h2 class=\"elementor-heading-title elementor-size-default\">V. Cookie<\/h2>\t\t\t\t<\/div>\n\t\t\t\t<\/div>\n\t\t\t\t<div class=\"elementor-element elementor-element-004825d elementor-widget elementor-widget-text-editor\" data-id=\"004825d\" data-element_type=\"widget\" data-e-type=\"widget\" data-widget_type=\"text-editor.default\">\n\t\t\t\t<div class=\"elementor-widget-container\">\n\t\t\t\t\t\t\t\t\t<p>I cookie sono file di testo che vengono memorizzati nel browser Internet o dal browser Internet sul sistema informatico dell'utente. Il nostro sito web utilizza i cookie. Quando un utente accede a un sito web, un cookie pu\u00f2 essere memorizzato sul suo sistema operativo. Questi cookie contengono ciascuno una sequenza di caratteri caratteristica che consente l'identificazione univoca del browser alla successiva visita del sito web.<br><span style=\"text-align: var(--text-align);\"><br>Utilizziamo i cookie di sessione per ottimizzare la nostra offerta online. Questo file non contiene dati personali e viene cancellato quando l'utente chiude il browser.<br><\/span><span style=\"text-align: var(--text-align);\"><br>L'utente pu\u00f2 modificare le impostazioni nel browser da lei utilizzato in modo da essere informata in anticipo sull'impostazione dei cookie e decidere caso per caso se escludere l'accettazione dei cookie per casi specifici o in generale. Ci\u00f2 potrebbe limitare la funzionalit\u00e0 del sito web.<\/span><\/p>\n<p><strong>Specificamente<\/strong><\/p>\n<p>Per la valutazione statistica utilizziamo <u>Google Analytics<\/u>&nbsp;uno.<\/p>\n<p>Google Analytics utilizza i cookie, che ci permettono di analizzare l'utilizzo del sito web e di valutare il comportamento degli utenti. L'indirizzo IP degli utenti viene immediatamente anonimizzato. Le informazioni generate dal cookie sull'utilizzo di questo sito web non vengono trasmesse a terzi.<\/p>\t\t\t\t\t\t\t\t<\/div>\n\t\t\t\t<\/div>\n\t\t\t\t<\/div>\n\t\t<div class=\"elementor-element elementor-element-cad2484 e-con-full e-flex e-con e-child\" data-id=\"cad2484\" data-element_type=\"container\" data-e-type=\"container\">\n\t\t\t\t<div class=\"elementor-element elementor-element-0a6b23f elementor-widget elementor-widget-heading\" data-id=\"0a6b23f\" data-element_type=\"widget\" data-e-type=\"widget\" data-widget_type=\"heading.default\">\n\t\t\t\t<div class=\"elementor-widget-container\">\n\t\t\t\t\t<h2 class=\"elementor-heading-title elementor-size-default\">VI. Fornitura del sito web e creazione di file di log<\/h2>\t\t\t\t<\/div>\n\t\t\t\t<\/div>\n\t\t\t\t<div class=\"elementor-element elementor-element-3216bbe elementor-widget elementor-widget-text-editor\" data-id=\"3216bbe\" data-element_type=\"widget\" data-e-type=\"widget\" data-widget_type=\"text-editor.default\">\n\t\t\t\t<div class=\"elementor-widget-container\">\n\t\t\t\t\t\t\t\t\t<p>La nostra hoster, cyon GmbH, Basilea, crea dei \"logfile\" sui suoi server. Lo fa per fornire i suoi servizi in modo affidabile, tecnicamente impeccabile e anche conforme alla legge. Questi contengono informazioni quali:<\/p>\n<ul>\n<li>Indirizzi IP<\/li>\n<li>Data e ora<\/li>\n<li>Informazioni di protocollo come il tipo di protocollo, la versione, l'azione desiderata, i codici di stato o le informazioni sui dati trasferiti (ad esempio, la dimensione di una domanda o di una risposta).<\/li>\n<li>Messaggi di errore<\/li>\n<li>informazioni specifiche dell'applicazione, come ad esempio gli ID dei messaggi nelle e-mail, o per accessi web dettagli sul browser utilizzato (String User-Agent) o, se applicabile, la pagina da cui il visitatore \u00e8 arrivato al sito web. Questo vale non solo per le interazioni con siti web, ma per tutti i servizi come ad esempio e-mail (SMTP, POP, IMAP), FTP, SSH, ecc.\n<p><\/p>\n<\/li>\n<\/ul>\n<p>I dati resteranno sui sistemi di cyon fino alla cessazione della necessit\u00e0 operativa e alla scadenza dei termini stabiliti dalla legge o dal contratto, dopodich\u00e9 verranno automaticamente cancellati. Per la maggior parte dei dati, ci\u00f2 avverr\u00e0 al massimo entro sei mesi.<\/p>\t\t\t\t\t\t\t\t<\/div>\n\t\t\t\t<\/div>\n\t\t\t\t<\/div>\n\t\t<div class=\"elementor-element elementor-element-2eacb3d e-con-full e-flex e-con e-child\" data-id=\"2eacb3d\" data-element_type=\"container\" data-e-type=\"container\">\n\t\t\t\t<div class=\"elementor-element elementor-element-2ecb0fe elementor-widget elementor-widget-heading\" data-id=\"2ecb0fe\" data-element_type=\"widget\" data-e-type=\"widget\" data-widget_type=\"heading.default\">\n\t\t\t\t<div class=\"elementor-widget-container\">\n\t\t\t\t\t<h2 class=\"elementor-heading-title elementor-size-default\">VII Diritti degli utenti del sito web interessati dal trattamento dei dati<\/h2>\t\t\t\t<\/div>\n\t\t\t\t<\/div>\n\t\t\t\t<div class=\"elementor-element elementor-element-f65fe7e elementor-widget elementor-widget-text-editor\" data-id=\"f65fe7e\" data-element_type=\"widget\" data-e-type=\"widget\" data-widget_type=\"text-editor.default\">\n\t\t\t\t<div class=\"elementor-widget-container\">\n\t\t\t\t\t\t\t\t\t<p>Le utenti dispongono dei diritti derivanti dalla legislazione in materia di protezione dei dati personali e, ove applicabile, dal GDPR. Questi diritti derivano dal Capo III del GDPR. Essi sono:<\/p>\n<ul>\n<li>&nbsp;Diritto alla conferma e all'accesso<\/li>\n<li>&nbsp;Diritto di rettifica<\/li>\n<li>&nbsp;Diritto alla cancellazione (\u201ediritto all'oblio\u201c)<\/li>\n<li>&nbsp;Diritto alla limitazione del trattamento<\/li>\n<li>&nbsp;Diritto alla portabilit\u00e0 dei dati<\/li>\n<li>&nbsp;Diritto di opposizione<\/li>\n<li>&nbsp;Diritto di non essere sottoposto a una decisione basata unicamente su un trattamento automatizzato, compreso il profiling<\/li>\n<li>&nbsp;Diritto di revocare un consenso in materia di protezione dei dati<\/li>\n<li>&nbsp;Diritto di reclamo a un'autorit\u00e0 di vigilanza<\/li>\n<\/ul>\t\t\t\t\t\t\t\t<\/div>\n\t\t\t\t<\/div>\n\t\t\t\t<\/div>\n\t\t<div class=\"elementor-element elementor-element-3388cc0 e-con-full e-flex e-con e-child\" data-id=\"3388cc0\" data-element_type=\"container\" data-e-type=\"container\">\n\t\t\t\t<div class=\"elementor-element elementor-element-5ae21ff elementor-widget elementor-widget-heading\" data-id=\"5ae21ff\" data-element_type=\"widget\" data-e-type=\"widget\" data-widget_type=\"heading.default\">\n\t\t\t\t<div class=\"elementor-widget-container\">\n\t\t\t\t\t<h2 class=\"elementor-heading-title elementor-size-default\">VIII. Modifica della presente informativa sulla privacy<\/h2>\t\t\t\t<\/div>\n\t\t\t\t<\/div>\n\t\t\t\t<div class=\"elementor-element elementor-element-3a8e86a elementor-widget elementor-widget-text-editor\" data-id=\"3a8e86a\" data-element_type=\"widget\" data-e-type=\"widget\" data-widget_type=\"text-editor.default\">\n\t\t\t\t<div class=\"elementor-widget-container\">\n\t\t\t\t\t\t\t\t\t<p>Credo GmbH PR &amp; Communications si riserva il diritto di modificare la presente Informativa sulla privacy in qualsiasi momento. Le modifiche saranno pubblicate sul sito web ed entreranno in vigore al momento della loro pubblicazione.<br><span style=\"color: var( --e-global-color-primary ); text-align: var(--text-align);\"><br>Wettswil, 20.05.2024<\/span><\/p>\t\t\t\t\t\t\t\t<\/div>\n\t\t\t\t<\/div>\n\t\t\t\t<\/div>\n\t\t\t\t<\/div>\n\t\t\t\t\t<\/div>\n\t\t\t\t<\/div>\n\t\t<div class=\"elementor-element elementor-element-512f9b5 e-flex e-con-boxed e-con e-parent\" data-id=\"512f9b5\" data-element_type=\"container\" data-e-type=\"container\">\n\t\t\t\t\t<div class=\"e-con-inner\">\n\t\t\t\t<div class=\"elementor-element elementor-element-ac3b1a8 elementor-hidden-desktop elementor-hidden-mobile elementor-widget elementor-widget-spacer\" data-id=\"ac3b1a8\" data-element_type=\"widget\" data-e-type=\"widget\" data-widget_type=\"spacer.default\">\n\t\t\t\t<div class=\"elementor-widget-container\">\n\t\t\t\t\t\t\t<div class=\"elementor-spacer\">\n\t\t\t<div class=\"elementor-spacer-inner\"><\/div>\n\t\t<\/div>\n\t\t\t\t\t\t<\/div>\n\t\t\t\t<\/div>\n\t\t\t\t\t<\/div>\n\t\t\t\t<\/div>\n\t\t\t\t<\/div>","protected":false},"excerpt":{"rendered":"<p>Datenschutz I. Sinn und Inhalt der Datenschutzerkl\u00e4rung, anwendbare Rechtsgrundlagen Diese Datenschutzerkl\u00e4rung soll der Nutzerin bzw. dem Nutzer (fortan wird der besseren Lesbarkeit halber nur die weibliche Form verwendet) die M\u00f6glichkeit geben, sich zu informieren, welche Daten wir erheben, zu welchem Zweck, wo diese gespeichert werden und was sie gegen Daten, welche sie uns nicht oder [&hellip;]<\/p>\n","protected":false},"author":1,"featured_media":0,"parent":0,"menu_order":0,"comment_status":"closed","ping_status":"closed","template":"","meta":{"footnotes":""},"class_list":["post-3131","page","type-page","status-publish","hentry"],"_links":{"self":[{"href":"https:\/\/pinkcube-testyourbreast.ch\/it\/wp-json\/wp\/v2\/pages\/3131","targetHints":{"allow":["GET"]}}],"collection":[{"href":"https:\/\/pinkcube-testyourbreast.ch\/it\/wp-json\/wp\/v2\/pages"}],"about":[{"href":"https:\/\/pinkcube-testyourbreast.ch\/it\/wp-json\/wp\/v2\/types\/page"}],"author":[{"embeddable":true,"href":"https:\/\/pinkcube-testyourbreast.ch\/it\/wp-json\/wp\/v2\/users\/1"}],"replies":[{"embeddable":true,"href":"https:\/\/pinkcube-testyourbreast.ch\/it\/wp-json\/wp\/v2\/comments?post=3131"}],"version-history":[{"count":58,"href":"https:\/\/pinkcube-testyourbreast.ch\/it\/wp-json\/wp\/v2\/pages\/3131\/revisions"}],"predecessor-version":[{"id":9767,"href":"https:\/\/pinkcube-testyourbreast.ch\/it\/wp-json\/wp\/v2\/pages\/3131\/revisions\/9767"}],"wp:attachment":[{"href":"https:\/\/pinkcube-testyourbreast.ch\/it\/wp-json\/wp\/v2\/media?parent=3131"}],"curies":[{"name":"wp","href":"https:\/\/api.w.org\/{rel}","templated":true}]}}